{"id":15,"date":"2017-07-19T17:00:58","date_gmt":"2017-07-19T15:00:58","guid":{"rendered":"http:\/\/agence-russe-de-traduction.com\/?page_id=15"},"modified":"2017-08-20T17:37:55","modified_gmt":"2017-08-20T15:37:55","slug":"tarifs","status":"publish","type":"page","link":"http:\/\/agence-russe-de-traduction.com\/?page_id=15","title":{"rendered":"Nos tarifs"},"content":{"rendered":"<p>&nbsp;<\/p>\n<h3 style=\"text-align: center;\"><strong>Tarifs hors taxes, \u00e0 partir de :<\/strong><\/h3>\n<p>        <script type=\"text\/javascript\">\n         jQuery(document).ready(function($) {    \n           \n          $('.ptp-plan').matchHeight(false); \n          $('.ptp-cta').matchHeight(false); \n          $('.ptp-price').matchHeight(false);\n          $('.ptp-button').matchHeight(false);\n          \n          $('.ptp-bullet-item').each(function( index ){\n              $('.ptp-row-id-'+index).matchHeight(false);\n             \n            });\n          \n           \n          \n         });\n      <\/script>\n      \n        <style type=\"text\/css\"> #ptp-58 div.ptp-item-container{border-radius:5px;padding:0;margin-left:0;margin-right:0}#ptp-58 div.ptp-item-container div{margin:0}#ptp-58 div.ptp-plan{border-top-right-radius:5px;border-top-left-radius:5px;font-size:1em;padding:.9375em 1.25em}#ptp-58 div.ptp-price{font-size:1.25em;padding:.9375em 1.25em}#ptp-58 div.ptp-cta{border-bottom-right-radius:5px;border-bottom-left-radius:5px;padding-top:1.25em;padding-bottom:1.25em}#ptp-58 a.ptp-button{border-radius:5px;font-size:1em;color:#fff;background-color:#3498db;border-bottom:#2980b9 4px solid;margin:0}#ptp-58 a.ptp-button:hover{background-color:#2980b9}div#ptp-58 .ptp-highlight a.ptp-button{color:#fff;background-color:#e74c3c;border-bottom:#c0392b 4px solid}div#ptp-58 .ptp-highlight a.ptp-button:hover{background-color:#c0392b}#ptp-58 div.ptp-bullet-item{font-size:.875em;padding:.9375em .5em .9375em .5em}#ptp-58 div.ptp-most-popular{border-radius:5px;font-size:.9em}<\/style><div id=\"ptp-58\" class=\"ptp-pricing-table\" >\n\t\t<div class=\"ptp-col ptp-three-col  ptp-col-id-0\"><div class=\"ptp-not-most-popular\">&nbsp;<\/div><div class=\"ptp-item-container\"><div class=\"ptp-plan\">Traductions<\/div> <div class=\"ptp-price\">0,14\u20ac le mot<\/div><div class=\"ptp-bullet-item ptp-row-id-0\">Fran\u00e7ais - Russe<\/div><div class=\"ptp-bullet-item ptp-row-id-1\">Russe - Fran\u00e7ais<\/div><div class=\"ptp-cta\"><a class=\"ptp-button\" id=\"ptp-58-cta-0\" href=\"<a href=\"page.htm\" onclick=\"window.open('\/?page_id=149', 'Traduction', 'height=500, width=400, toolbar=no, location=no, resizable=yes, scrollbars=yes, status=no'); return false;\">Demander un devis<\/a><\/div><\/div><\/div>\n\t\t<div class=\"ptp-col ptp-three-col  ptp-col-id-1\"><div class=\"ptp-not-most-popular\">&nbsp;<\/div><div class=\"ptp-item-container\"><div class=\"ptp-plan\">Traductions asserment\u00e9s (documents d'\u00e9tat civil, permis de conduire...)<\/div> <div class=\"ptp-price\">25\u20ac le document <br> (1 page)<\/div><div class=\"ptp-bullet-item ptp-row-id-0\">Fran\u00e7ais - Russe<\/div><div class=\"ptp-bullet-item ptp-row-id-1\">Russe - Fran\u00e7ais<\/div><div class=\"ptp-cta\"><a class=\"ptp-button\" id=\"ptp-58-cta-1\" href=\"<a href=\"page.htm\" onclick=\"window.open('\/?page_id=149', 'Traduction', 'height=500, width=400, toolbar=no, location=no, resizable=yes, scrollbars=yes, status=no'); return false;\">Demander un devis<\/a><\/div><\/div><\/div>\n\t\t<div class=\"ptp-col ptp-three-col  ptp-col-id-2\"><div class=\"ptp-not-most-popular\">&nbsp;<\/div><div class=\"ptp-item-container\"><div class=\"ptp-plan\">Interpr\u00e9tariat<\/div> <div class=\"ptp-price\">240\u20ac la demi-journ\u00e9e <br> 470\u20ac la journ\u00e9e<\/div><div class=\"ptp-bullet-item ptp-row-id-0\">Fran\u00e7ais - Russe<\/div><div class=\"ptp-bullet-item ptp-row-id-1\">Russe - Fran\u00e7ais<\/div><div class=\"ptp-cta\"><a class=\"ptp-button\" id=\"ptp-58-cta-2\" href=\"<a href=\"page.htm\" onclick=\"window.open('\/?page_id=149', 'Traduction', 'height=500, width=400, toolbar=no, location=no, resizable=yes, scrollbars=yes, status=no'); return false;\">Demander un devis<\/a><\/div><\/div><\/div><\/div><br \/>\n&nbsp;<\/p>\n<p style=\"text-align: center;\">Les tarifs indiqu\u00e9s ci-dessus sont les tarifs de base, ils d\u00e9pendent du volume et de la difficult\u00e9 technique du texte. Pour chaque document \u00e0 traduire nous vous \u00e9tablirons, gratuitement et sans engagement de votre part, un devis pr\u00e9cisant le co\u00fbt et le d\u00e9lai de r\u00e9alisation.<\/p>\n","protected":false},"excerpt":{"rendered":"<p>&nbsp; Tarifs hors taxes, \u00e0 partir de : &nbsp; Les tarifs indiqu\u00e9s ci-dessus sont les tarifs de base, ils d\u00e9pendent du volume et de la difficult\u00e9 technique du texte. Pour chaque document \u00e0 traduire nous vous \u00e9tablirons, gratuitement et sans engagement de votre part, un devis pr\u00e9cisant le co\u00fbt et le d\u00e9lai de r\u00e9alisation.<\/p>\n","protected":false},"author":1,"featured_media":0,"parent":0,"menu_order":0,"comment_status":"closed","ping_status":"closed","template":"","meta":[],"_links":{"self":[{"href":"http:\/\/agence-russe-de-traduction.com\/index.php?rest_route=\/wp\/v2\/pages\/15"}],"collection":[{"href":"http:\/\/agence-russe-de-traduction.com\/index.php?rest_route=\/wp\/v2\/pages"}],"about":[{"href":"http:\/\/agence-russe-de-traduction.com\/index.php?rest_route=\/wp\/v2\/types\/page"}],"author":[{"embeddable":true,"href":"http:\/\/agence-russe-de-traduction.com\/index.php?rest_route=\/wp\/v2\/users\/1"}],"replies":[{"embeddable":true,"href":"http:\/\/agence-russe-de-traduction.com\/index.php?rest_route=%2Fwp%2Fv2%2Fcomments&post=15"}],"version-history":[{"count":6,"href":"http:\/\/agence-russe-de-traduction.com\/index.php?rest_route=\/wp\/v2\/pages\/15\/revisions"}],"predecessor-version":[{"id":213,"href":"http:\/\/agence-russe-de-traduction.com\/index.php?rest_route=\/wp\/v2\/pages\/15\/revisions\/213"}],"wp:attachment":[{"href":"http:\/\/agence-russe-de-traduction.com\/index.php?rest_route=%2Fwp%2Fv2%2Fmedia&parent=15"}],"curies":[{"name":"wp","href":"https:\/\/api.w.org\/{rel}","templated":true}]}}